{"id":343,"date":"2022-12-17T17:20:15","date_gmt":"2022-12-17T17:20:15","guid":{"rendered":"https:\/\/www.renewable.c-escoto.com\/wp\/?page_id=102"},"modified":"2023-06-14T12:24:53","modified_gmt":"2023-06-14T18:24:53","slug":"analisis-de-sistemas","status":"publish","type":"page","link":"https:\/\/www.ingenieria-medica.cescoto.com\/index.php\/analisis-de-sistemas\/","title":{"rendered":"An\u00e1lisis de Sistemas"},"content":{"rendered":"\n<p>Cobertura de Nuestras Soluciones Ingenieriles: Entender Situaci\u00f3n Actual, Datos Hist\u00f3ricos, Dise\u00f1o de Soluciones, Desarrollo de Soluci\u00f3n, Trabajo Paralelo Ambiente Actual y Soluci\u00f3n Elegida y Autorizada, Observaci\u00f3n, Ajustes, Planificaci\u00f3n Implantaci\u00f3n Progresiva de Soluci\u00f3n Autorizada. <\/p>\n\n\n\n<div class=\"wp-block-group is-vertical is-layout-flex wp-container-core-group-is-layout-8cf370e7 wp-block-group-is-layout-flex\">\n<p> Alimentos, Banca, Bebidas,  Belleza, Casinos, Comercio, Energ\u00eda, Farmacia, Industria (Textil, Cemento, Alimentos, Acero, Bebidas, Agr\u00edcola), Salud (Laboratorios PCR, IVD Solutions, Kits de Diagn\u00f3stico, Salud, Equipamiento de Hospitales) , Supermercados, Comunicaciones (Telecomunicaciones, TV, Radio, Web) Centros de C\u00f3mputo, Defensa Nacional, Agricultura<\/p>\n<\/div>\n\n\n\n<figure class=\"wp-block-table\"><table><thead><tr><th>Agr\u00edcola<\/th><th>Comercio<\/th><th>Comunicaciones<\/th><th>Defensa Nacional<\/th><th>Industria<\/th><th>Salud<\/th><th>Servicio<\/th><th><\/th><th><\/th><th><\/th><th><\/th><th><\/th><\/tr><\/thead><tbody><tr><td>Algod\u00f3n<\/td><td><\/td><td>Radio<\/td><td><\/td><td>Alimentos<\/td><td><\/td><td><\/td><td><\/td><td><\/td><td><\/td><td><\/td><td><\/td><\/tr><tr><td>Granos B\u00e1sicos<\/td><td><\/td><td>Telefon\u00eda<\/td><td><\/td><td>Acero<\/td><td><\/td><td><\/td><td><\/td><td><\/td><td><\/td><td><\/td><td><\/td><\/tr><tr><td>Cacao<\/td><td><\/td><td>TV<\/td><td><\/td><td>Bebidas<\/td><td><\/td><td><\/td><td><\/td><td><\/td><td><\/td><td><\/td><td><\/td><\/tr><tr><td>Ca\u00f1a de Az\u00facar<\/td><td><\/td><td>Web<\/td><td><\/td><td>Cosm\u00e9ticos<\/td><td><\/td><td><\/td><td><\/td><td><\/td><td><\/td><td><\/td><td><\/td><\/tr><tr><td>C\u00edtricos<\/td><td><\/td><td><\/td><td><\/td><td>Azucarera<\/td><td><\/td><td><\/td><td><\/td><td><\/td><td><\/td><td><\/td><td><\/td><\/tr><tr><td><\/td><td><\/td><td><\/td><td><\/td><td><\/td><td><\/td><td><\/td><td><\/td><td><\/td><td><\/td><td><\/td><td><\/td><\/tr><tr><td><\/td><td><\/td><td><\/td><td><\/td><td><\/td><td><\/td><td><\/td><td><\/td><td><\/td><td><\/td><td><\/td><td><\/td><\/tr><tr><td><\/td><td><\/td><td><\/td><td><\/td><td><\/td><td><\/td><td><\/td><td><\/td><td><\/td><td><\/td><td><\/td><td><\/td><\/tr><tr><td><\/td><td><\/td><td><\/td><td><\/td><td><\/td><td><\/td><td><\/td><td><\/td><td><\/td><td><\/td><td><\/td><td><\/td><\/tr><\/tbody><tfoot><tr><td><\/td><td><\/td><td><\/td><td><\/td><td><\/td><td><\/td><td><\/td><td><\/td><td><\/td><td><\/td><td><\/td><td><\/td><\/tr><\/tfoot><\/table><\/figure>\n","protected":false},"excerpt":{"rendered":"<p>Cobertura de Nuestras Soluciones Ingenieriles: Entender Situaci\u00f3n Actual, Datos Hist\u00f3ricos, Dise\u00f1o de Soluciones, Desarrollo de Soluci\u00f3n, Trabajo Paralelo Ambiente Actual y Soluci\u00f3n Elegida y Autorizada, Observaci\u00f3n, Ajustes, Planificaci\u00f3n Implantaci\u00f3n Progresiva de Soluci\u00f3n Autorizada. Alimentos, Banca, Bebidas, Belleza, Casinos, Comercio, Energ\u00eda, Farmacia, Industria (Textil, Cemento, Alimentos, Acero, Bebidas, Agr\u00edcola), Salud (Laboratorios PCR, IVD Solutions, Kits de [&hellip;]<\/p>\n","protected":false},"author":1,"featured_media":0,"parent":0,"menu_order":0,"comment_status":"closed","ping_status":"closed","template":"","meta":{"pagelayer_contact_templates":[],"_pagelayer_content":"","footnotes":""},"class_list":["post-343","page","type-page","status-publish","hentry"],"_links":{"self":[{"href":"https:\/\/www.ingenieria-medica.cescoto.com\/index.php\/wp-json\/wp\/v2\/pages\/343","targetHints":{"allow":["GET"]}}],"collection":[{"href":"https:\/\/www.ingenieria-medica.cescoto.com\/index.php\/wp-json\/wp\/v2\/pages"}],"about":[{"href":"https:\/\/www.ingenieria-medica.cescoto.com\/index.php\/wp-json\/wp\/v2\/types\/page"}],"author":[{"embeddable":true,"href":"https:\/\/www.ingenieria-medica.cescoto.com\/index.php\/wp-json\/wp\/v2\/users\/1"}],"replies":[{"embeddable":true,"href":"https:\/\/www.ingenieria-medica.cescoto.com\/index.php\/wp-json\/wp\/v2\/comments?post=343"}],"version-history":[{"count":7,"href":"https:\/\/www.ingenieria-medica.cescoto.com\/index.php\/wp-json\/wp\/v2\/pages\/343\/revisions"}],"predecessor-version":[{"id":2551,"href":"https:\/\/www.ingenieria-medica.cescoto.com\/index.php\/wp-json\/wp\/v2\/pages\/343\/revisions\/2551"}],"wp:attachment":[{"href":"https:\/\/www.ingenieria-medica.cescoto.com\/index.php\/wp-json\/wp\/v2\/media?parent=343"}],"curies":[{"name":"wp","href":"https:\/\/api.w.org\/{rel}","templated":true}]}}